{"id":2077,"date":"2022-05-11T14:41:28","date_gmt":"2022-05-11T14:41:28","guid":{"rendered":"https:\/\/www.alfagroup.lv\/?page_id=2077"},"modified":"2024-04-03T06:20:25","modified_gmt":"2024-04-03T06:20:25","slug":"par-mums","status":"publish","type":"page","link":"https:\/\/www.ap-group.lv\/lv\/par-mums\/","title":{"rendered":"PAR MUMS"},"content":{"rendered":"<p>&nbsp;<\/p>\n<p style=\"text-align: justify;\">AP Property Group &#8211; starptautiska uz\u0146\u0113mumu grupa, kas kop\u0161 1994.gada specializ\u0113jas nekustamo \u012bpa\u0161umu att\u012bst\u012bb\u0101 un pakalpojumu snieg\u0161an\u0101 nekustamo \u012bpa\u0161umu jom\u0101.<\/p>\n<p>AP Propery Group sast\u0101v\u0101 ietilpst septi\u0146i uz\u0146\u0113mumi. M\u0113s \u012bstenojam invest\u012bcijas, att\u012bst\u0101m da\u017e\u0101dus projektus Latvij\u0101. Komp\u0101nij\u0101 ir nodarbin\u0101ti vair\u0101k k\u0101 divdesmit nekustamo \u012bpa\u0161umu jomas speci\u0101listi.<\/p>\n<p>AP Property Group darb\u012bba ir virz\u012bta uz konkur\u0113tsp\u0113jas papla\u0161in\u0101\u0161anu un saglab\u0101\u0161anu, pamatojoties uz inov\u0101cij\u0101m, iniciat\u012bvu un rado\u0161u pieeju. Par galvenaj\u0101m priorit\u0101t\u0113m uzskatam:<br \/>\n&#8211; rentabilit\u0101ti un uzticam\u012bbu;<br \/>\n&#8211; fokus\u0113\u0161anos tikai uz pamatdarb\u012bbu;<br \/>\n&#8211; att\u012bst\u012bbu un izaugsmi;<br \/>\n&#8211; l\u012bdzpast\u0101vo\u0161o soci\u0101lo jaut\u0101jumu risin\u0101\u0161anu.<\/p>\n<p>Grupas darb\u012bba nekustamo \u012bpa\u0161umu tirg\u016b iek\u013cauj sev\u012b:<br \/>\n&#8211; komercprojektu strat\u0113\u0123isko anal\u012bzi un to realiz\u0101ciju;<br \/>\n&#8211; komerci\u0101lo nekustamo \u012bpa\u0161umu projektu koncepcijas izstr\u0101di;<br \/>\n&#8211; komerci\u0101lo objektu t\u012bklu att\u012bst\u012bbu;<br \/>\n&#8211; tirdzniec\u012bbas plat\u012bbu iznom\u0101\u0161anu;<br \/>\n&#8211; nekustamo \u012bpa\u0161umu objektu finans\u0113\u0161anas jaut\u0101jumu risin\u0101\u0161anu;<br \/>\n&#8211; maz\u0101k\u0101 portfe\u013ca da\u013c\u0101 \u2013 ekskluz\u012bvi dz\u012bvojamie nekustamie \u012bpa\u0161umi.<\/p>\n<p>Savas darb\u012bbas proces\u0101 m\u0113s orient\u0113jamies uz klientu v\u0113lm\u0113m. Pieredze, reput\u0101cija un pla\u0161s kontaktu t\u012bkls, k\u0101 ar\u012b regul\u0101ra tirgus situ\u0101cijas anal\u012bze un piem\u0113rotu risin\u0101jumu mekl\u0113\u0161ana, pal\u012bdz mums optimiz\u0113t darba procesus.<\/p>\n<p><strong>AP Property Group m\u0113r\u0137is \u2013 augsta rentabilit\u0101te un augstas kvalit\u0101tes pakalpojumu pied\u0101v\u0101jums!<\/strong><\/p>\n<p>&nbsp;<\/p>\n","protected":false},"excerpt":{"rendered":"<p>&nbsp; AP Property Group &#8211; starptautiska uz\u0146\u0113mumu grupa, kas kop\u0161 1994.gada specializ\u0113jas nekustamo \u012bpa\u0161umu att\u012bst\u012bb\u0101 un pakalpojumu snieg\u0161an\u0101 nekustamo \u012bpa\u0161umu jom\u0101. AP Propery Group sast\u0101v\u0101 ietilpst septi\u0146i uz\u0146\u0113mumi. M\u0113s \u012bstenojam invest\u012bcijas, att\u012bst\u0101m da\u017e\u0101dus projektus Latvij\u0101. Komp\u0101nij\u0101 ir nodarbin\u0101ti vair\u0101k k\u0101 divdesmit nekustamo \u012bpa\u0161umu jomas speci\u0101listi. AP Property Group darb\u012bba ir virz\u012bta uz konkur\u0113tsp\u0113jas papla\u0161in\u0101\u0161anu un [&hellip;]<\/p>\n","protected":false},"author":1,"featured_media":0,"parent":0,"menu_order":0,"comment_status":"closed","ping_status":"closed","template":"","meta":{"footnotes":""},"acf":[],"_links":{"self":[{"href":"https:\/\/www.ap-group.lv\/lv\/wp-json\/wp\/v2\/pages\/2077"}],"collection":[{"href":"https:\/\/www.ap-group.lv\/lv\/wp-json\/wp\/v2\/pages"}],"about":[{"href":"https:\/\/www.ap-group.lv\/lv\/wp-json\/wp\/v2\/types\/page"}],"author":[{"embeddable":true,"href":"https:\/\/www.ap-group.lv\/lv\/wp-json\/wp\/v2\/users\/1"}],"replies":[{"embeddable":true,"href":"https:\/\/www.ap-group.lv\/lv\/wp-json\/wp\/v2\/comments?post=2077"}],"version-history":[{"count":7,"href":"https:\/\/www.ap-group.lv\/lv\/wp-json\/wp\/v2\/pages\/2077\/revisions"}],"predecessor-version":[{"id":2483,"href":"https:\/\/www.ap-group.lv\/lv\/wp-json\/wp\/v2\/pages\/2077\/revisions\/2483"}],"wp:attachment":[{"href":"https:\/\/www.ap-group.lv\/lv\/wp-json\/wp\/v2\/media?parent=2077"}],"curies":[{"name":"wp","href":"https:\/\/api.w.org\/{rel}","templated":true}]}}